{"id":49,"date":"2024-09-10T10:03:19","date_gmt":"2024-09-10T10:03:19","guid":{"rendered":"https:\/\/bergwaldhof.ch\/?page_id=49"},"modified":"2024-09-23T19:52:40","modified_gmt":"2024-09-23T19:52:40","slug":"feldwirtschaft","status":"publish","type":"page","link":"https:\/\/bergwaldhof.ch\/index.php\/moderne-landwirtschaft\/unser-betrieb\/feldwirtschaft\/","title":{"rendered":"Feldwirtschaft"},"content":{"rendered":"\n<h2 class=\"wp-block-heading\">Futteranbau<\/h2>\n\n\n\n<p>Unsere Hauptarbeit von April bis November liegt in der Futterkonservierung. Je nach Nutzung und D\u00fcngung wird jede Wiese zwischen drei und sechs Mal geschnitten. Vom M\u00e4hen bis zum Einbringen in das Silo oder in den Heustock machen wir alle Arbeiten selbst.\u00a0\u00a0Weil uns die Futterqualit\u00e4t besonders am Herzen liegt, m\u00e4hen wir zum Beispiel die meisten Schnitte mit unserem bodenschonenden Sauerburger Bergm\u00e4her. Aber auch das Schwaden mit dem, zugegeben, recht gebrauchten Kammschwader, ergibt sehr sauberes Futter, was sich nat\u00fcrlich positiv auf die Futterkonservierung und Haltbarkeit auswirkt.\u00a0<\/p>\n\n\n\n<h2 class=\"wp-block-heading\">UrDinkel<\/h2>\n\n\n\n<p><\/p>\n","protected":false},"excerpt":{"rendered":"<p>Futteranbau Unsere Hauptarbeit von April bis November liegt in der Futterkonservierung. Je nach Nutzung und D\u00fcngung wird jede Wiese zwischen drei und sechs Mal geschnitten. Vom M\u00e4hen bis zum Einbringen in das Silo oder in den Heustock machen wir alle Arbeiten selbst.\u00a0\u00a0Weil uns die Futterqualit\u00e4t besonders am Herzen liegt, m\u00e4hen wir zum Beispiel die meisten &hellip; <\/p>\n<p class=\"link-more\"><a href=\"https:\/\/bergwaldhof.ch\/index.php\/moderne-landwirtschaft\/unser-betrieb\/feldwirtschaft\/\" class=\"more-link\">Mehr <span class=\"screen-reader-text\">\u00fcber &#8222;Feldwirtschaft&#8220; <\/span>Lesen<\/a><\/p>\n","protected":false},"author":1,"featured_media":0,"parent":12,"menu_order":0,"comment_status":"closed","ping_status":"closed","template":"","meta":{"footnotes":""},"class_list":["post-49","page","type-page","status-publish","hentry"],"yoast_head":"<!-- This site is optimized with the Yoast SEO plugin v26.6 - https:\/\/yoast.com\/wordpress\/plugins\/seo\/ -->\n<title>Feldwirtschaft - Bergwaldhof<\/title>\n<meta name=\"description\" content=\"Wir bauen Ur-Dinkel, Futtermais, Zuckerr\u00fcben und Getreide an. Unsere Felder liegen in der Gemeinde Schleitheim, im Kanton Schaffhausen.\" \/>\n<meta name=\"robots\" content=\"index, follow, max-snippet:-1, max-image-preview:large, max-video-preview:-1\" \/>\n<link rel=\"canonical\" href=\"https:\/\/bergwaldhof.ch\/index.php\/moderne-landwirtschaft\/unser-betrieb\/feldwirtschaft\/\" \/>\n<meta property=\"og:locale\" content=\"de_DE\" \/>\n<meta property=\"og:type\" content=\"article\" \/>\n<meta property=\"og:title\" content=\"Feldwirtschaft - Bergwaldhof\" \/>\n<meta property=\"og:description\" content=\"Wir bauen Ur-Dinkel, Futtermais, Zuckerr\u00fcben und Getreide an. Unsere Felder liegen in der Gemeinde Schleitheim, im Kanton Schaffhausen.\" \/>\n<meta property=\"og:url\" content=\"https:\/\/bergwaldhof.ch\/index.php\/moderne-landwirtschaft\/unser-betrieb\/feldwirtschaft\/\" \/>\n<meta property=\"og:site_name\" content=\"Bergwaldhof\" \/>\n<meta property=\"article:modified_time\" content=\"2024-09-23T19:52:40+00:00\" \/>\n<meta property=\"og:image\" content=\"https:\/\/bergwaldhof.ch\/wp-content\/uploads\/2024\/09\/IMG_2340-scaled.jpeg\" \/>\n\t<meta property=\"og:image:width\" content=\"2560\" \/>\n\t<meta property=\"og:image:height\" content=\"1920\" \/>\n\t<meta property=\"og:image:type\" content=\"image\/jpeg\" \/>\n<meta name=\"twitter:card\" content=\"summary_large_image\" \/>\n<meta name=\"twitter:label1\" content=\"Gesch\u00e4tzte Lesezeit\" \/>\n\t<meta name=\"twitter:data1\" content=\"1\u00a0Minute\" \/>\n<script type=\"application\/ld+json\" class=\"yoast-schema-graph\">{\"@context\":\"https:\/\/schema.org\",\"@graph\":[{\"@type\":\"WebPage\",\"@id\":\"https:\/\/bergwaldhof.ch\/index.php\/moderne-landwirtschaft\/unser-betrieb\/feldwirtschaft\/\",\"url\":\"https:\/\/bergwaldhof.ch\/index.php\/moderne-landwirtschaft\/unser-betrieb\/feldwirtschaft\/\",\"name\":\"Feldwirtschaft - Bergwaldhof\",\"isPartOf\":{\"@id\":\"https:\/\/bergwaldhof.ch\/#website\"},\"datePublished\":\"2024-09-10T10:03:19+00:00\",\"dateModified\":\"2024-09-23T19:52:40+00:00\",\"description\":\"Wir bauen Ur-Dinkel, Futtermais, Zuckerr\u00fcben und Getreide an. Unsere Felder liegen in der Gemeinde Schleitheim, im Kanton Schaffhausen.\",\"breadcrumb\":{\"@id\":\"https:\/\/bergwaldhof.ch\/index.php\/moderne-landwirtschaft\/unser-betrieb\/feldwirtschaft\/#breadcrumb\"},\"inLanguage\":\"de\",\"potentialAction\":[{\"@type\":\"ReadAction\",\"target\":[\"https:\/\/bergwaldhof.ch\/index.php\/moderne-landwirtschaft\/unser-betrieb\/feldwirtschaft\/\"]}]},{\"@type\":\"BreadcrumbList\",\"@id\":\"https:\/\/bergwaldhof.ch\/index.php\/moderne-landwirtschaft\/unser-betrieb\/feldwirtschaft\/#breadcrumb\",\"itemListElement\":[{\"@type\":\"ListItem\",\"position\":1,\"name\":\"Startseite\",\"item\":\"https:\/\/bergwaldhof.ch\/\"},{\"@type\":\"ListItem\",\"position\":2,\"name\":\"Bergwaldhof\",\"item\":\"https:\/\/bergwaldhof.ch\/\"},{\"@type\":\"ListItem\",\"position\":3,\"name\":\"Unser Betrieb\",\"item\":\"https:\/\/bergwaldhof.ch\/index.php\/bergwaldhof\/unser-betrieb\/\"},{\"@type\":\"ListItem\",\"position\":4,\"name\":\"Feldwirtschaft\"}]},{\"@type\":\"WebSite\",\"@id\":\"https:\/\/bergwaldhof.ch\/#website\",\"url\":\"https:\/\/bergwaldhof.ch\/\",\"name\":\"Bergwaldhof\",\"description\":\"Landwirtschaft in Schleitheim\",\"publisher\":{\"@id\":\"https:\/\/bergwaldhof.ch\/#organization\"},\"potentialAction\":[{\"@type\":\"SearchAction\",\"target\":{\"@type\":\"EntryPoint\",\"urlTemplate\":\"https:\/\/bergwaldhof.ch\/?s={search_term_string}\"},\"query-input\":{\"@type\":\"PropertyValueSpecification\",\"valueRequired\":true,\"valueName\":\"search_term_string\"}}],\"inLanguage\":\"de\"},{\"@type\":\"Organization\",\"@id\":\"https:\/\/bergwaldhof.ch\/#organization\",\"name\":\"Bergwaldhof\",\"url\":\"https:\/\/bergwaldhof.ch\/\",\"logo\":{\"@type\":\"ImageObject\",\"inLanguage\":\"de\",\"@id\":\"https:\/\/bergwaldhof.ch\/#\/schema\/logo\/image\/\",\"url\":\"https:\/\/bergwaldhof.ch\/wp-content\/uploads\/2024\/08\/bergwaldhof_200_weiss.png\",\"contentUrl\":\"https:\/\/bergwaldhof.ch\/wp-content\/uploads\/2024\/08\/bergwaldhof_200_weiss.png\",\"width\":205,\"height\":184,\"caption\":\"Bergwaldhof\"},\"image\":{\"@id\":\"https:\/\/bergwaldhof.ch\/#\/schema\/logo\/image\/\"}}]}<\/script>\n<!-- \/ Yoast SEO plugin. -->","yoast_head_json":{"title":"Feldwirtschaft - Bergwaldhof","description":"Wir bauen Ur-Dinkel, Futtermais, Zuckerr\u00fcben und Getreide an. Unsere Felder liegen in der Gemeinde Schleitheim, im Kanton Schaffhausen.","robots":{"index":"index","follow":"follow","max-snippet":"max-snippet:-1","max-image-preview":"max-image-preview:large","max-video-preview":"max-video-preview:-1"},"canonical":"https:\/\/bergwaldhof.ch\/index.php\/moderne-landwirtschaft\/unser-betrieb\/feldwirtschaft\/","og_locale":"de_DE","og_type":"article","og_title":"Feldwirtschaft - Bergwaldhof","og_description":"Wir bauen Ur-Dinkel, Futtermais, Zuckerr\u00fcben und Getreide an. Unsere Felder liegen in der Gemeinde Schleitheim, im Kanton Schaffhausen.","og_url":"https:\/\/bergwaldhof.ch\/index.php\/moderne-landwirtschaft\/unser-betrieb\/feldwirtschaft\/","og_site_name":"Bergwaldhof","article_modified_time":"2024-09-23T19:52:40+00:00","og_image":[{"width":2560,"height":1920,"url":"https:\/\/bergwaldhof.ch\/wp-content\/uploads\/2024\/09\/IMG_2340-scaled.jpeg","type":"image\/jpeg"}],"twitter_card":"summary_large_image","twitter_misc":{"Gesch\u00e4tzte Lesezeit":"1\u00a0Minute"},"schema":{"@context":"https:\/\/schema.org","@graph":[{"@type":"WebPage","@id":"https:\/\/bergwaldhof.ch\/index.php\/moderne-landwirtschaft\/unser-betrieb\/feldwirtschaft\/","url":"https:\/\/bergwaldhof.ch\/index.php\/moderne-landwirtschaft\/unser-betrieb\/feldwirtschaft\/","name":"Feldwirtschaft - Bergwaldhof","isPartOf":{"@id":"https:\/\/bergwaldhof.ch\/#website"},"datePublished":"2024-09-10T10:03:19+00:00","dateModified":"2024-09-23T19:52:40+00:00","description":"Wir bauen Ur-Dinkel, Futtermais, Zuckerr\u00fcben und Getreide an. Unsere Felder liegen in der Gemeinde Schleitheim, im Kanton Schaffhausen.","breadcrumb":{"@id":"https:\/\/bergwaldhof.ch\/index.php\/moderne-landwirtschaft\/unser-betrieb\/feldwirtschaft\/#breadcrumb"},"inLanguage":"de","potentialAction":[{"@type":"ReadAction","target":["https:\/\/bergwaldhof.ch\/index.php\/moderne-landwirtschaft\/unser-betrieb\/feldwirtschaft\/"]}]},{"@type":"BreadcrumbList","@id":"https:\/\/bergwaldhof.ch\/index.php\/moderne-landwirtschaft\/unser-betrieb\/feldwirtschaft\/#breadcrumb","itemListElement":[{"@type":"ListItem","position":1,"name":"Startseite","item":"https:\/\/bergwaldhof.ch\/"},{"@type":"ListItem","position":2,"name":"Bergwaldhof","item":"https:\/\/bergwaldhof.ch\/"},{"@type":"ListItem","position":3,"name":"Unser Betrieb","item":"https:\/\/bergwaldhof.ch\/index.php\/bergwaldhof\/unser-betrieb\/"},{"@type":"ListItem","position":4,"name":"Feldwirtschaft"}]},{"@type":"WebSite","@id":"https:\/\/bergwaldhof.ch\/#website","url":"https:\/\/bergwaldhof.ch\/","name":"Bergwaldhof","description":"Landwirtschaft in Schleitheim","publisher":{"@id":"https:\/\/bergwaldhof.ch\/#organization"},"potentialAction":[{"@type":"SearchAction","target":{"@type":"EntryPoint","urlTemplate":"https:\/\/bergwaldhof.ch\/?s={search_term_string}"},"query-input":{"@type":"PropertyValueSpecification","valueRequired":true,"valueName":"search_term_string"}}],"inLanguage":"de"},{"@type":"Organization","@id":"https:\/\/bergwaldhof.ch\/#organization","name":"Bergwaldhof","url":"https:\/\/bergwaldhof.ch\/","logo":{"@type":"ImageObject","inLanguage":"de","@id":"https:\/\/bergwaldhof.ch\/#\/schema\/logo\/image\/","url":"https:\/\/bergwaldhof.ch\/wp-content\/uploads\/2024\/08\/bergwaldhof_200_weiss.png","contentUrl":"https:\/\/bergwaldhof.ch\/wp-content\/uploads\/2024\/08\/bergwaldhof_200_weiss.png","width":205,"height":184,"caption":"Bergwaldhof"},"image":{"@id":"https:\/\/bergwaldhof.ch\/#\/schema\/logo\/image\/"}}]}},"featured_media_urls":[],"_links":{"self":[{"href":"https:\/\/bergwaldhof.ch\/index.php\/wp-json\/wp\/v2\/pages\/49","targetHints":{"allow":["GET"]}}],"collection":[{"href":"https:\/\/bergwaldhof.ch\/index.php\/wp-json\/wp\/v2\/pages"}],"about":[{"href":"https:\/\/bergwaldhof.ch\/index.php\/wp-json\/wp\/v2\/types\/page"}],"author":[{"embeddable":true,"href":"https:\/\/bergwaldhof.ch\/index.php\/wp-json\/wp\/v2\/users\/1"}],"replies":[{"embeddable":true,"href":"https:\/\/bergwaldhof.ch\/index.php\/wp-json\/wp\/v2\/comments?post=49"}],"version-history":[{"count":2,"href":"https:\/\/bergwaldhof.ch\/index.php\/wp-json\/wp\/v2\/pages\/49\/revisions"}],"predecessor-version":[{"id":61,"href":"https:\/\/bergwaldhof.ch\/index.php\/wp-json\/wp\/v2\/pages\/49\/revisions\/61"}],"up":[{"embeddable":true,"href":"https:\/\/bergwaldhof.ch\/index.php\/wp-json\/wp\/v2\/pages\/12"}],"wp:attachment":[{"href":"https:\/\/bergwaldhof.ch\/index.php\/wp-json\/wp\/v2\/media?parent=49"}],"curies":[{"name":"wp","href":"https:\/\/api.w.org\/{rel}","templated":true}]}}