{"id":47,"date":"2024-09-10T10:02:47","date_gmt":"2024-09-10T10:02:47","guid":{"rendered":"https:\/\/bergwaldhof.ch\/?page_id=47"},"modified":"2024-09-23T19:53:25","modified_gmt":"2024-09-23T19:53:25","slug":"milchvieh","status":"publish","type":"page","link":"https:\/\/bergwaldhof.ch\/index.php\/moderne-landwirtschaft\/unser-betrieb\/milchvieh\/","title":{"rendered":"Milchviehstall"},"content":{"rendered":"\n<p>Der 2019 fertiggestellte Milchviehstall bietet Platz f\u00fcr 71 Milchk\u00fche. Zurzeit sind aber nur 57 K\u00fche und unser Stier \u00abSidi\u00bb hier zu Hause. Da sich die K\u00fche frei bewegen k\u00f6nnen, kann man praktisch alle nat\u00fcrlichen Verhaltensmuster beobachten. Selbstverst\u00e4ndlich gibt es aber auch immer Verbesserungspotential: Obwohl die derzeit eingebauten Liegematten zu den Besten Standardgummimatten geh\u00f6ren, glauben wir, dass sie zu wenig Liegekomfort bieten. Deshalb werden wir sukzessive alle Liegematten durch komfortablere Wasserbettmatten ersetzen. In der Reihe am Fenster beim Auslauf, sind bereits die ersten Wasserbetten eingebaut\u2026&nbsp;<\/p>\n\n\n\n<h2 class=\"wp-block-heading\">Melkroboter<\/h2>\n\n\n\n<p>Unser fleissigster Mitarbeiter ist der Melkroboter. Diese faszinierende Technik der Firma Gea erm\u00f6glicht den K\u00fchen ein individuelles Melken rund um die Uhr. Wenn die Kuh Melkerlaubnis hat, darf sie in den Vorwarteraum und schliesslich in den Roboter. Da sie dort ganz f\u00fcr sich allein ihre Milch geben k\u00f6nnen und mit ein wenig Kraftfutter gelockt werden, kommen die meisten K\u00fche immer rechtzeitig und gerne zum Melken. Dank dem Transponder am Halsband erkennt der Roboter die Kuh, melkt sie und meldet falls irgendeine Abweichung zur Normalit\u00e4t besteht. Die Milch kommt dann in den grossen Milchtank, oder wird f\u00fcr die K\u00e4lber abgezweigt. Alle zwei Tage wird die Milch abgeholt.\u00a0<\/p>\n","protected":false},"excerpt":{"rendered":"<p>Der 2019 fertiggestellte Milchviehstall bietet Platz f\u00fcr 71 Milchk\u00fche. Zurzeit sind aber nur 57 K\u00fche und unser Stier \u00abSidi\u00bb hier zu Hause. Da sich die K\u00fche frei bewegen k\u00f6nnen, kann man praktisch alle nat\u00fcrlichen Verhaltensmuster beobachten. Selbstverst\u00e4ndlich gibt es aber auch immer Verbesserungspotential: Obwohl die derzeit eingebauten Liegematten zu den Besten Standardgummimatten geh\u00f6ren, glauben wir, &hellip; <\/p>\n<p class=\"link-more\"><a href=\"https:\/\/bergwaldhof.ch\/index.php\/moderne-landwirtschaft\/unser-betrieb\/milchvieh\/\" class=\"more-link\">Mehr <span class=\"screen-reader-text\">\u00fcber &#8222;Milchviehstall&#8220; <\/span>Lesen<\/a><\/p>\n","protected":false},"author":1,"featured_media":57,"parent":12,"menu_order":0,"comment_status":"closed","ping_status":"closed","template":"","meta":{"footnotes":""},"class_list":["post-47","page","type-page","status-publish","has-post-thumbnail","hentry"],"yoast_head":"<!-- This site is optimized with the Yoast SEO plugin v26.6 - https:\/\/yoast.com\/wordpress\/plugins\/seo\/ -->\n<title>Milchviehstall - Bergwaldhof<\/title>\n<meta name=\"description\" content=\"Unser Stall bietet f\u00fcr 71 K\u00fche bietet derzeit 57 K\u00fchen und Stier \u00abSidi\u00bb Platz. Wir haben eine vollautomatischen Melkroboter im Einsatz\" \/>\n<meta name=\"robots\" content=\"index, follow, max-snippet:-1, max-image-preview:large, max-video-preview:-1\" \/>\n<link rel=\"canonical\" href=\"https:\/\/bergwaldhof.ch\/index.php\/moderne-landwirtschaft\/unser-betrieb\/milchvieh\/\" \/>\n<meta property=\"og:locale\" content=\"de_DE\" \/>\n<meta property=\"og:type\" content=\"article\" \/>\n<meta property=\"og:title\" content=\"Milchviehstall - Bergwaldhof\" \/>\n<meta property=\"og:description\" content=\"Unser Stall bietet f\u00fcr 71 K\u00fche bietet derzeit 57 K\u00fchen und Stier \u00abSidi\u00bb Platz. Wir haben eine vollautomatischen Melkroboter im Einsatz\" \/>\n<meta property=\"og:url\" content=\"https:\/\/bergwaldhof.ch\/index.php\/moderne-landwirtschaft\/unser-betrieb\/milchvieh\/\" \/>\n<meta property=\"og:site_name\" content=\"Bergwaldhof\" \/>\n<meta property=\"article:modified_time\" content=\"2024-09-23T19:53:25+00:00\" \/>\n<meta property=\"og:image\" content=\"https:\/\/bergwaldhof.ch\/wp-content\/uploads\/2024\/09\/IMG_2341-scaled.jpeg\" \/>\n\t<meta property=\"og:image:width\" content=\"2560\" \/>\n\t<meta property=\"og:image:height\" content=\"1920\" \/>\n\t<meta property=\"og:image:type\" content=\"image\/jpeg\" \/>\n<meta name=\"twitter:card\" content=\"summary_large_image\" \/>\n<meta name=\"twitter:label1\" content=\"Gesch\u00e4tzte Lesezeit\" \/>\n\t<meta name=\"twitter:data1\" content=\"2\u00a0Minuten\" \/>\n<script type=\"application\/ld+json\" class=\"yoast-schema-graph\">{\"@context\":\"https:\/\/schema.org\",\"@graph\":[{\"@type\":\"WebPage\",\"@id\":\"https:\/\/bergwaldhof.ch\/index.php\/moderne-landwirtschaft\/unser-betrieb\/milchvieh\/\",\"url\":\"https:\/\/bergwaldhof.ch\/index.php\/moderne-landwirtschaft\/unser-betrieb\/milchvieh\/\",\"name\":\"Milchviehstall - Bergwaldhof\",\"isPartOf\":{\"@id\":\"https:\/\/bergwaldhof.ch\/#website\"},\"primaryImageOfPage\":{\"@id\":\"https:\/\/bergwaldhof.ch\/index.php\/moderne-landwirtschaft\/unser-betrieb\/milchvieh\/#primaryimage\"},\"image\":{\"@id\":\"https:\/\/bergwaldhof.ch\/index.php\/moderne-landwirtschaft\/unser-betrieb\/milchvieh\/#primaryimage\"},\"thumbnailUrl\":\"https:\/\/bergwaldhof.ch\/wp-content\/uploads\/2024\/09\/IMG_2341-scaled.jpeg\",\"datePublished\":\"2024-09-10T10:02:47+00:00\",\"dateModified\":\"2024-09-23T19:53:25+00:00\",\"description\":\"Unser Stall bietet f\u00fcr 71 K\u00fche bietet derzeit 57 K\u00fchen und Stier \u00abSidi\u00bb Platz. Wir haben eine vollautomatischen Melkroboter im Einsatz\",\"breadcrumb\":{\"@id\":\"https:\/\/bergwaldhof.ch\/index.php\/moderne-landwirtschaft\/unser-betrieb\/milchvieh\/#breadcrumb\"},\"inLanguage\":\"de\",\"potentialAction\":[{\"@type\":\"ReadAction\",\"target\":[\"https:\/\/bergwaldhof.ch\/index.php\/moderne-landwirtschaft\/unser-betrieb\/milchvieh\/\"]}]},{\"@type\":\"ImageObject\",\"inLanguage\":\"de\",\"@id\":\"https:\/\/bergwaldhof.ch\/index.php\/moderne-landwirtschaft\/unser-betrieb\/milchvieh\/#primaryimage\",\"url\":\"https:\/\/bergwaldhof.ch\/wp-content\/uploads\/2024\/09\/IMG_2341-scaled.jpeg\",\"contentUrl\":\"https:\/\/bergwaldhof.ch\/wp-content\/uploads\/2024\/09\/IMG_2341-scaled.jpeg\",\"width\":2560,\"height\":1920,\"caption\":\"Milchviehstall auf dem Bergwaldhof.\"},{\"@type\":\"BreadcrumbList\",\"@id\":\"https:\/\/bergwaldhof.ch\/index.php\/moderne-landwirtschaft\/unser-betrieb\/milchvieh\/#breadcrumb\",\"itemListElement\":[{\"@type\":\"ListItem\",\"position\":1,\"name\":\"Startseite\",\"item\":\"https:\/\/bergwaldhof.ch\/\"},{\"@type\":\"ListItem\",\"position\":2,\"name\":\"Bergwaldhof\",\"item\":\"https:\/\/bergwaldhof.ch\/\"},{\"@type\":\"ListItem\",\"position\":3,\"name\":\"Unser Betrieb\",\"item\":\"https:\/\/bergwaldhof.ch\/index.php\/bergwaldhof\/unser-betrieb\/\"},{\"@type\":\"ListItem\",\"position\":4,\"name\":\"Milchviehstall\"}]},{\"@type\":\"WebSite\",\"@id\":\"https:\/\/bergwaldhof.ch\/#website\",\"url\":\"https:\/\/bergwaldhof.ch\/\",\"name\":\"Bergwaldhof\",\"description\":\"Landwirtschaft in Schleitheim\",\"publisher\":{\"@id\":\"https:\/\/bergwaldhof.ch\/#organization\"},\"potentialAction\":[{\"@type\":\"SearchAction\",\"target\":{\"@type\":\"EntryPoint\",\"urlTemplate\":\"https:\/\/bergwaldhof.ch\/?s={search_term_string}\"},\"query-input\":{\"@type\":\"PropertyValueSpecification\",\"valueRequired\":true,\"valueName\":\"search_term_string\"}}],\"inLanguage\":\"de\"},{\"@type\":\"Organization\",\"@id\":\"https:\/\/bergwaldhof.ch\/#organization\",\"name\":\"Bergwaldhof\",\"url\":\"https:\/\/bergwaldhof.ch\/\",\"logo\":{\"@type\":\"ImageObject\",\"inLanguage\":\"de\",\"@id\":\"https:\/\/bergwaldhof.ch\/#\/schema\/logo\/image\/\",\"url\":\"https:\/\/bergwaldhof.ch\/wp-content\/uploads\/2024\/08\/bergwaldhof_200_weiss.png\",\"contentUrl\":\"https:\/\/bergwaldhof.ch\/wp-content\/uploads\/2024\/08\/bergwaldhof_200_weiss.png\",\"width\":205,\"height\":184,\"caption\":\"Bergwaldhof\"},\"image\":{\"@id\":\"https:\/\/bergwaldhof.ch\/#\/schema\/logo\/image\/\"}}]}<\/script>\n<!-- \/ Yoast SEO plugin. -->","yoast_head_json":{"title":"Milchviehstall - Bergwaldhof","description":"Unser Stall bietet f\u00fcr 71 K\u00fche bietet derzeit 57 K\u00fchen und Stier \u00abSidi\u00bb Platz. Wir haben eine vollautomatischen Melkroboter im Einsatz","robots":{"index":"index","follow":"follow","max-snippet":"max-snippet:-1","max-image-preview":"max-image-preview:large","max-video-preview":"max-video-preview:-1"},"canonical":"https:\/\/bergwaldhof.ch\/index.php\/moderne-landwirtschaft\/unser-betrieb\/milchvieh\/","og_locale":"de_DE","og_type":"article","og_title":"Milchviehstall - Bergwaldhof","og_description":"Unser Stall bietet f\u00fcr 71 K\u00fche bietet derzeit 57 K\u00fchen und Stier \u00abSidi\u00bb Platz. Wir haben eine vollautomatischen Melkroboter im Einsatz","og_url":"https:\/\/bergwaldhof.ch\/index.php\/moderne-landwirtschaft\/unser-betrieb\/milchvieh\/","og_site_name":"Bergwaldhof","article_modified_time":"2024-09-23T19:53:25+00:00","og_image":[{"width":2560,"height":1920,"url":"https:\/\/bergwaldhof.ch\/wp-content\/uploads\/2024\/09\/IMG_2341-scaled.jpeg","type":"image\/jpeg"}],"twitter_card":"summary_large_image","twitter_misc":{"Gesch\u00e4tzte Lesezeit":"2\u00a0Minuten"},"schema":{"@context":"https:\/\/schema.org","@graph":[{"@type":"WebPage","@id":"https:\/\/bergwaldhof.ch\/index.php\/moderne-landwirtschaft\/unser-betrieb\/milchvieh\/","url":"https:\/\/bergwaldhof.ch\/index.php\/moderne-landwirtschaft\/unser-betrieb\/milchvieh\/","name":"Milchviehstall - Bergwaldhof","isPartOf":{"@id":"https:\/\/bergwaldhof.ch\/#website"},"primaryImageOfPage":{"@id":"https:\/\/bergwaldhof.ch\/index.php\/moderne-landwirtschaft\/unser-betrieb\/milchvieh\/#primaryimage"},"image":{"@id":"https:\/\/bergwaldhof.ch\/index.php\/moderne-landwirtschaft\/unser-betrieb\/milchvieh\/#primaryimage"},"thumbnailUrl":"https:\/\/bergwaldhof.ch\/wp-content\/uploads\/2024\/09\/IMG_2341-scaled.jpeg","datePublished":"2024-09-10T10:02:47+00:00","dateModified":"2024-09-23T19:53:25+00:00","description":"Unser Stall bietet f\u00fcr 71 K\u00fche bietet derzeit 57 K\u00fchen und Stier \u00abSidi\u00bb Platz. Wir haben eine vollautomatischen Melkroboter im Einsatz","breadcrumb":{"@id":"https:\/\/bergwaldhof.ch\/index.php\/moderne-landwirtschaft\/unser-betrieb\/milchvieh\/#breadcrumb"},"inLanguage":"de","potentialAction":[{"@type":"ReadAction","target":["https:\/\/bergwaldhof.ch\/index.php\/moderne-landwirtschaft\/unser-betrieb\/milchvieh\/"]}]},{"@type":"ImageObject","inLanguage":"de","@id":"https:\/\/bergwaldhof.ch\/index.php\/moderne-landwirtschaft\/unser-betrieb\/milchvieh\/#primaryimage","url":"https:\/\/bergwaldhof.ch\/wp-content\/uploads\/2024\/09\/IMG_2341-scaled.jpeg","contentUrl":"https:\/\/bergwaldhof.ch\/wp-content\/uploads\/2024\/09\/IMG_2341-scaled.jpeg","width":2560,"height":1920,"caption":"Milchviehstall auf dem Bergwaldhof."},{"@type":"BreadcrumbList","@id":"https:\/\/bergwaldhof.ch\/index.php\/moderne-landwirtschaft\/unser-betrieb\/milchvieh\/#breadcrumb","itemListElement":[{"@type":"ListItem","position":1,"name":"Startseite","item":"https:\/\/bergwaldhof.ch\/"},{"@type":"ListItem","position":2,"name":"Bergwaldhof","item":"https:\/\/bergwaldhof.ch\/"},{"@type":"ListItem","position":3,"name":"Unser Betrieb","item":"https:\/\/bergwaldhof.ch\/index.php\/bergwaldhof\/unser-betrieb\/"},{"@type":"ListItem","position":4,"name":"Milchviehstall"}]},{"@type":"WebSite","@id":"https:\/\/bergwaldhof.ch\/#website","url":"https:\/\/bergwaldhof.ch\/","name":"Bergwaldhof","description":"Landwirtschaft in Schleitheim","publisher":{"@id":"https:\/\/bergwaldhof.ch\/#organization"},"potentialAction":[{"@type":"SearchAction","target":{"@type":"EntryPoint","urlTemplate":"https:\/\/bergwaldhof.ch\/?s={search_term_string}"},"query-input":{"@type":"PropertyValueSpecification","valueRequired":true,"valueName":"search_term_string"}}],"inLanguage":"de"},{"@type":"Organization","@id":"https:\/\/bergwaldhof.ch\/#organization","name":"Bergwaldhof","url":"https:\/\/bergwaldhof.ch\/","logo":{"@type":"ImageObject","inLanguage":"de","@id":"https:\/\/bergwaldhof.ch\/#\/schema\/logo\/image\/","url":"https:\/\/bergwaldhof.ch\/wp-content\/uploads\/2024\/08\/bergwaldhof_200_weiss.png","contentUrl":"https:\/\/bergwaldhof.ch\/wp-content\/uploads\/2024\/08\/bergwaldhof_200_weiss.png","width":205,"height":184,"caption":"Bergwaldhof"},"image":{"@id":"https:\/\/bergwaldhof.ch\/#\/schema\/logo\/image\/"}}]}},"featured_media_urls":{"thumbnail":["https:\/\/bergwaldhof.ch\/wp-content\/uploads\/2024\/09\/IMG_2341-150x150.jpeg",150,150,true],"medium":["https:\/\/bergwaldhof.ch\/wp-content\/uploads\/2024\/09\/IMG_2341-300x225.jpeg",300,225,true],"medium_large":["https:\/\/bergwaldhof.ch\/wp-content\/uploads\/2024\/09\/IMG_2341-scaled.jpeg",768,576,false],"large":["https:\/\/bergwaldhof.ch\/wp-content\/uploads\/2024\/09\/IMG_2341-1024x768.jpeg",950,713,true],"1536x1536":["https:\/\/bergwaldhof.ch\/wp-content\/uploads\/2024\/09\/IMG_2341-scaled-1536x1152.jpeg",1536,1152,true],"2048x2048":["https:\/\/bergwaldhof.ch\/wp-content\/uploads\/2024\/09\/IMG_2341-scaled-2048x1536.jpeg",2048,1536,true],"inspiro-featured-image":["https:\/\/bergwaldhof.ch\/wp-content\/uploads\/2024\/09\/IMG_2341-2000x1500.jpeg",2000,1500,true],"inspiro-loop":["https:\/\/bergwaldhof.ch\/wp-content\/uploads\/2024\/09\/IMG_2341-950x320.jpeg",950,320,true],"inspiro-loop@2x":["https:\/\/bergwaldhof.ch\/wp-content\/uploads\/2024\/09\/IMG_2341-1900x640.jpeg",1900,640,true],"portfolio_item-thumbnail":["https:\/\/bergwaldhof.ch\/wp-content\/uploads\/2024\/09\/IMG_2341-scaled-600x400.jpeg",600,400,true],"portfolio_item-thumbnail@2x":["https:\/\/bergwaldhof.ch\/wp-content\/uploads\/2024\/09\/IMG_2341-scaled-1200x800.jpeg",1200,800,true],"portfolio_item-masonry":["https:\/\/bergwaldhof.ch\/wp-content\/uploads\/2024\/09\/IMG_2341-scaled-600x450.jpeg",600,450,true],"portfolio_item-masonry@2x":["https:\/\/bergwaldhof.ch\/wp-content\/uploads\/2024\/09\/IMG_2341-scaled-1200x900.jpeg",1200,900,true],"portfolio_item-thumbnail_cinema":["https:\/\/bergwaldhof.ch\/wp-content\/uploads\/2024\/09\/IMG_2341-scaled-800x335.jpeg",800,335,true],"portfolio_item-thumbnail_portrait":["https:\/\/bergwaldhof.ch\/wp-content\/uploads\/2024\/09\/IMG_2341-scaled-600x900.jpeg",600,900,true],"portfolio_item-thumbnail_portrait@2x":["https:\/\/bergwaldhof.ch\/wp-content\/uploads\/2024\/09\/IMG_2341-scaled-1200x1800.jpeg",1200,1800,true],"portfolio_item-thumbnail_square":["https:\/\/bergwaldhof.ch\/wp-content\/uploads\/2024\/09\/IMG_2341-scaled-800x800.jpeg",800,800,true]},"_links":{"self":[{"href":"https:\/\/bergwaldhof.ch\/index.php\/wp-json\/wp\/v2\/pages\/47","targetHints":{"allow":["GET"]}}],"collection":[{"href":"https:\/\/bergwaldhof.ch\/index.php\/wp-json\/wp\/v2\/pages"}],"about":[{"href":"https:\/\/bergwaldhof.ch\/index.php\/wp-json\/wp\/v2\/types\/page"}],"author":[{"embeddable":true,"href":"https:\/\/bergwaldhof.ch\/index.php\/wp-json\/wp\/v2\/users\/1"}],"replies":[{"embeddable":true,"href":"https:\/\/bergwaldhof.ch\/index.php\/wp-json\/wp\/v2\/comments?post=47"}],"version-history":[{"count":3,"href":"https:\/\/bergwaldhof.ch\/index.php\/wp-json\/wp\/v2\/pages\/47\/revisions"}],"predecessor-version":[{"id":62,"href":"https:\/\/bergwaldhof.ch\/index.php\/wp-json\/wp\/v2\/pages\/47\/revisions\/62"}],"up":[{"embeddable":true,"href":"https:\/\/bergwaldhof.ch\/index.php\/wp-json\/wp\/v2\/pages\/12"}],"wp:featuredmedia":[{"embeddable":true,"href":"https:\/\/bergwaldhof.ch\/index.php\/wp-json\/wp\/v2\/media\/57"}],"wp:attachment":[{"href":"https:\/\/bergwaldhof.ch\/index.php\/wp-json\/wp\/v2\/media?parent=47"}],"curies":[{"name":"wp","href":"https:\/\/api.w.org\/{rel}","templated":true}]}}